{"id":10,"date":"2021-11-09T08:54:12","date_gmt":"2021-11-09T07:54:12","guid":{"rendered":"https:\/\/www.stjoseph-lodeve.fr\/?page_id=10"},"modified":"2022-02-08T10:36:48","modified_gmt":"2022-02-08T09:36:48","slug":"projet-educatif","status":"publish","type":"page","link":"https:\/\/www.stjoseph-lodeve.fr\/index.php\/projet-educatif\/","title":{"rendered":"Projet \u00e9ducatif"},"content":{"rendered":"\n<p class=\"has-text-align-center\"><em>\u00ab&nbsp;Esp\u00e9rer en l\u2019\u00e9l\u00e8ve, c\u2019est aimer son avenir&nbsp;\u00bb <strong>Paul Malartre<\/strong><\/em><\/p>\n\n\n\n<p>En tant qu&rsquo;\u00e9tablissement catholique d&rsquo;enseignement sous contrat d\u2018association avec l\u2019Etat, l\u2019\u00e9cole Saint Joseph respecte les programmes, les qualifications, les comp\u00e9tences et les horaires de l\u2019Education Nationale.&nbsp;<br>La communaut\u00e9 \u00e9ducative constitu\u00e9e des personnels d&rsquo;enseignement, d&rsquo;\u00e9ducation, d&rsquo;administration et de service, des \u00e9l\u00e8ves, des parents et des gestionnaires est plac\u00e9e sous la responsabilit\u00e9 du chef d&rsquo;\u00e9tablissement.&nbsp;<br>Toutes ces personnes participent et \u0153uvrent ensemble \u00e0 l&rsquo;\u00e9panouissement de tous les \u00e9l\u00e8ves.<\/p>\n\n\n\n<h3>PARCE QUE NOUS CROYONS<\/h3>\n\n\n\n<ul><li>aux talents et au potentiel de chaque \u00e9l\u00e8ve,<\/li><li>\u00e0 la construction d\u2019un \u00ab&nbsp;vivre ensemble&nbsp;\u00bb et d\u2019un \u00ab&nbsp;agir ensemble&nbsp;\u00bb<\/li><li>au d\u00e9veloppement de l\u2019autonomie<\/li><\/ul>\n\n\n\n<h3>NOUS VOULONS ET NOUS NOUS ENGAGEONS A<\/h3>\n\n\n\n<h4 class=\"has-text-align-center\">Accueillir et accompagner chacun tel qu\u2019il est&nbsp;<\/h4>\n\n\n\n<p>Nous, \u00e0 St Joseph, prenons en compte les diff\u00e9rences pour que chacun progresse selon ses possibilit\u00e9s. Nous mettons en \u0153uvre une r\u00e9elle personnalisation des apprentissages. S\u2019\u00e9panouir \u00e0 l\u2019\u00e9cole pour ensuite s\u2019accomplir dans sa vie future d\u2019adulte.<\/p>\n\n\n\n<h4 class=\"has-text-align-center\">Apprendre \u00e0 vivre et \u00e0 \u0153uvrer ensemble<\/h4>\n\n\n\n<p>La communaut\u00e9 \u00e9ducative propose&nbsp; des activit\u00e9s dans lesquelles les \u00e9l\u00e8ves apprennent \u00e0 coop\u00e9rer et les enseignants \u00e0 mener un travail en \u00e9quipe.<br>D\u00e9velopper \u00e9coute, dialogue, communication entre tous ses membres.<\/p>\n\n\n\n<h4 class=\"has-text-align-center\">Vivre des projets porteurs de sens et ouverts sur l\u2019ext\u00e9rieur<\/h4>\n\n\n\n<p>L\u2019\u00e9quipe p\u00e9dagogique met en place des activit\u00e9s motivantes o\u00f9 les \u00e9l\u00e8ves s\u2019impliquent.<br>Des projets les situant en vrais acteurs voire auteurs pour leur permettre de d\u00e9velopper leur capacit\u00e9s d\u2019autonomie et d\u2019initiative dans de nombreux domaines&nbsp;: artistiques, culturels, sportifs, environnementaux\u2026<\/p>\n\n\n\n<h4 class=\"has-text-align-center\">Annoncer la Bonne Nouvelle de J\u00e9sus-Christ<\/h4>\n\n\n\n<p>L\u2019\u00e9quipe pastorale invite tous les \u00e9l\u00e8ves dans le respect de la libert\u00e9 de conscience, \u00e0 pouvoir d\u00e9couvrir J\u00e9sus-Christ, exprimer sa foi, la vivre et l\u2019approfondir.<\/p>\n\n\n\n<h5 class=\"has-text-align-center\"><em>Toutes nos actions sont \u00e0 retrouver plus en d\u00e9tails dans notre <a href=\"https:\/\/www.stjoseph-lodeve.fr\/index.php\/projet-detablissement\/\">projet d\u2019\u00e9tablissement<\/a> et notre <a href=\"https:\/\/www.stjoseph-lodeve.fr\/index.php\/projet-pastoral\/\">projet pastoral<\/a>.<\/em><\/h5>\n\n\n\n<p><\/p>\n","protected":false},"excerpt":{"rendered":"<p>\u00ab&nbsp;Esp\u00e9rer en l\u2019\u00e9l\u00e8ve, c\u2019est aimer son avenir&nbsp;\u00bb Paul Malartre En tant qu&rsquo;\u00e9tablissement catholique d&rsquo;enseignement sous contrat d\u2018association avec l\u2019Etat, l\u2019\u00e9cole Saint Joseph respecte les programmes, les qualifications, les comp\u00e9tences et les horaires de l\u2019Education Nationale.&nbsp;La communaut\u00e9 \u00e9ducative constitu\u00e9e des personnels d&rsquo;enseignement, d&rsquo;\u00e9ducation, d&rsquo;administration et de service, des \u00e9l\u00e8ves, des parents et des gestionnaires est plac\u00e9e sous la responsabilit\u00e9 du chef d&rsquo;\u00e9tablissement.&nbsp;Toutes ces personnes participent et \u0153uvrent ensemble \u00e0 l&rsquo;\u00e9panouissement de tous les \u00e9l\u00e8ves. PARCE QUE NOUS CROYONS aux talents et au potentiel de chaque \u00e9l\u00e8ve, \u00e0 la construction d\u2019un \u00ab&nbsp;vivre ensemble&nbsp;\u00bb et d\u2019un \u00ab&nbsp;agir ensemble&nbsp;\u00bb au d\u00e9veloppement de l\u2019autonomie NOUS VOULONS ET NOUS NOUS ENGAGEONS A Accueillir et accompagner chacun tel qu\u2019il est&nbsp; Nous, \u00e0 St Joseph, prenons en compte les diff\u00e9rences pour que chacun progresse selon ses possibilit\u00e9s. Nous mettons en \u0153uvre une r\u00e9elle personnalisation des apprentissages. S\u2019\u00e9panouir \u00e0 l\u2019\u00e9cole pour ensuite s\u2019accomplir dans sa vie future d\u2019adulte. Apprendre \u00e0 vivre et \u00e0 \u0153uvrer ensemble La communaut\u00e9 \u00e9ducative propose&nbsp; des activit\u00e9s dans lesquelles les \u00e9l\u00e8ves apprennent \u00e0 coop\u00e9rer et les enseignants \u00e0 mener un travail en \u00e9quipe.D\u00e9velopper \u00e9coute, dialogue, communication entre tous ses membres. Vivre des projets porteurs de sens et ouverts sur l\u2019ext\u00e9rieur L\u2019\u00e9quipe p\u00e9dagogique met en place des activit\u00e9s motivantes o\u00f9 les \u00e9l\u00e8ves s\u2019impliquent.Des projets les situant en vrais acteurs voire auteurs pour leur permettre de d\u00e9velopper leur capacit\u00e9s d\u2019autonomie et d\u2019initiative dans de nombreux domaines&nbsp;: artistiques, culturels, sportifs, environnementaux\u2026 Annoncer la Bonne Nouvelle de J\u00e9sus-Christ L\u2019\u00e9quipe pastorale invite tous les \u00e9l\u00e8ves dans le respect de la libert\u00e9 de conscience, \u00e0 pouvoir d\u00e9couvrir J\u00e9sus-Christ, exprimer sa foi, la vivre et l\u2019approfondir. Toutes nos actions sont \u00e0 retrouver plus en d\u00e9tails dans notre projet d\u2019\u00e9tablissement et notre projet pastoral.<\/p>\n","protected":false},"author":1,"featured_media":0,"parent":0,"menu_order":0,"comment_status":"closed","ping_status":"closed","template":"","meta":[],"_links":{"self":[{"href":"https:\/\/www.stjoseph-lodeve.fr\/index.php\/wp-json\/wp\/v2\/pages\/10"}],"collection":[{"href":"https:\/\/www.stjoseph-lodeve.fr\/index.php\/wp-json\/wp\/v2\/pages"}],"about":[{"href":"https:\/\/www.stjoseph-lodeve.fr\/index.php\/wp-json\/wp\/v2\/types\/page"}],"author":[{"embeddable":true,"href":"https:\/\/www.stjoseph-lodeve.fr\/index.php\/wp-json\/wp\/v2\/users\/1"}],"replies":[{"embeddable":true,"href":"https:\/\/www.stjoseph-lodeve.fr\/index.php\/wp-json\/wp\/v2\/comments?post=10"}],"version-history":[{"count":4,"href":"https:\/\/www.stjoseph-lodeve.fr\/index.php\/wp-json\/wp\/v2\/pages\/10\/revisions"}],"predecessor-version":[{"id":236,"href":"https:\/\/www.stjoseph-lodeve.fr\/index.php\/wp-json\/wp\/v2\/pages\/10\/revisions\/236"}],"wp:attachment":[{"href":"https:\/\/www.stjoseph-lodeve.fr\/index.php\/wp-json\/wp\/v2\/media?parent=10"}],"curies":[{"name":"wp","href":"https:\/\/api.w.org\/{rel}","templated":true}]}}