{"id":115,"date":"2022-02-03T09:31:03","date_gmt":"2022-02-03T08:31:03","guid":{"rendered":"https:\/\/www.stjoseph-lodeve.fr\/?page_id=115"},"modified":"2022-02-03T10:40:19","modified_gmt":"2022-02-03T09:40:19","slug":"regles-de-vie","status":"publish","type":"page","link":"https:\/\/www.stjoseph-lodeve.fr\/index.php\/regles-de-vie\/","title":{"rendered":"R\u00e8gles de vie"},"content":{"rendered":"\n<h3>Pour la bonne marche de l\u2019\u00e9cole et pour que r\u00e8gne la bonne humeur&nbsp;:<\/h3>\n\n\n\n<div class=\"wp-block-image\"><figure class=\"alignright size-medium\"><img loading=\"lazy\" width=\"300\" height=\"195\" src=\"https:\/\/www.stjoseph-lodeve.fr\/wp-content\/uploads\/2022\/02\/vivreensemble-300x195.jpg\" alt=\"\" class=\"wp-image-116\" srcset=\"https:\/\/www.stjoseph-lodeve.fr\/wp-content\/uploads\/2022\/02\/vivreensemble-300x195.jpg 300w, https:\/\/www.stjoseph-lodeve.fr\/wp-content\/uploads\/2022\/02\/vivreensemble-768x500.jpg 768w, https:\/\/www.stjoseph-lodeve.fr\/wp-content\/uploads\/2022\/02\/vivreensemble.jpg 864w\" sizes=\"(max-width: 300px) 100vw, 300px\" \/><\/figure><\/div>\n\n\n\n<ul><li>Le silence doit \u00eatre respect\u00e9 dans les rangs.<\/li><li>Le calme doit r\u00e9gner dans les escaliers \u00e0 l\u2019entr\u00e9e et \u00e0 la sortie des classes.<\/li><li>L\u2019acc\u00e8s aux classes est interdit pendant les r\u00e9cr\u00e9ations et apr\u00e8s les cours.<\/li><li>Le chewing-gum et les sucettes sont interdits dans l\u2019enceinte de l\u2019\u00e9cole.<\/li><li>Tous les objets de maniement dangereux sont interdits (ballons en cuir ou simili, durs, etc.\u2026).<\/li><li>Une tenue vestimentaire et adapt\u00e9e est obligatoire.<\/li><\/ul>\n\n\n\n<h3>Je dois respecter les personnes&nbsp;: ma\u00eetres et ma\u00eetresses, tous les adultes, mes camarades.<\/h3>\n\n\n\n<ul><li>Je respecte leur caract\u00e8re, leurs difficult\u00e9s, leurs talents, \u2026<\/li><li>Je leur parle poliment.<\/li><li>Je ne me moque pas d\u2019eux.<\/li><li>J\u2019applique les consignes des ma\u00eetres et ma\u00eetresses.<\/li><\/ul>\n\n\n\n<h3>Je dois participer \u00e0 la s\u00e9curit\u00e9 de tous.<\/h3>\n\n\n\n<ul><li>Je reste sous la surveillance des adultes.<\/li><li>Je fais attention aux plus petits.<\/li><li>Je ne joue pas \u00e0 des jeux violents ou dangereux.<\/li><li>J\u2019applique les consignes de s\u00e9curit\u00e9.<\/li><li>Je ne dois pas quitter l\u2019enceinte de l\u2019\u00e9cole seul et je dois attendre mes parents dans la cour (si mes parents n\u2019ont pas sign\u00e9 d\u2019autorisation).<\/li><\/ul>\n\n\n\n<h3>Je viens \u00e0 l\u2019\u00e9cole pour apprendre.<\/h3>\n\n\n\n<ul><li>Je conserve tout mon mat\u00e9riel d\u2019\u00e9cole en bon \u00e9tat.<\/li><li>Je fais le travail demand\u00e9.<\/li><li>Je ne manque pas la classe sauf si je suis malade. (J\u2019apporte alors un mot de mes parents ou un certificat m\u00e9dical).<\/li><li>Je suis responsable de mes objets.<br><\/li><\/ul>\n\n\n\n<h3>Je m\u00e9nage le mat\u00e9riel collectif. (Portes, ordinateurs, chaises&#8230;)<\/h3>\n\n\n\n<ul><li>Je laisse les \u00e9quipements propres et en bon \u00e9tat.<\/li><li>J\u2019entretiens les livres qui me sont confi\u00e9s. J\u2019en suis responsable.<\/li><li>Je ne gaspille pas (feuilles, papier toilette, eau&#8230;).<\/li><li>J\u2019utilise les poubelles.<\/li><\/ul>\n\n\n\n<h3>A la cantine<\/h3>\n\n\n\n<ul><li>Je respecte l\u2019hygi\u00e8ne&nbsp;: je me lave les mains, je mange proprement.<\/li><li>Je facilite le travail de ceux qui servent.<\/li><li>Je respecte la nourriture. Je go\u00fbte \u00e0 tout, je ne gaspille pas, je ne joue pas avec la nourriture.<\/li><li>Je reste calme et parle doucement.<\/li><li>Je m\u2019assois \u00e0 la place qui m\u2019est indiqu\u00e9e.<\/li><\/ul>\n\n\n\n<h3>Dans la cour<\/h3>\n\n\n\n<ul><li>J\u2019accepte les autres dans mon jeu si c\u2019est possible.<\/li><li>Je ne g\u00eane pas le jeu des autres.<\/li><li>Je ne dois pas jouer hors des limites. (haies,\u2026)<\/li><\/ul>\n\n\n\n<h3>Sanctions<\/h3>\n\n\n\n<ul><li>Le ma\u00eetre, la ma\u00eetresse ou l\u2019adulte qui m\u2019encadre, m\u2019explique ce qui n\u2019est pas acceptable.<\/li><li>Le ma\u00eetre ou la ma\u00eetresse ou l\u2019adulte qui m\u2019encadre m\u2019oblige \u00e0 m\u2019arr\u00eater de jouer un moment.<\/li><li>Le ma\u00eetre ou la ma\u00eetresse me demande d\u2019aller un moment dans une autre classe.<\/li><li>Je dois recopier une r\u00e8gle de ce r\u00e8glement&nbsp;; une ou plusieurs fois pour bien m\u2019en souvenir.<\/li><li>Je dois faire un petit travail suppl\u00e9mentaire.<\/li><li>Je dois remplacer quelque chose que j\u2019ai perdu ou cass\u00e9.<\/li><li>Si je continue ou si je recommence, je devrai aller dans le bureau du directeur qui pourra&nbsp;:<ul><li>me donner un avertissement oral.<\/li><li>me donner un avertissement \u00e9crit en pr\u00e9sence de mes parents.<\/li><\/ul><\/li><\/ul>\n","protected":false},"excerpt":{"rendered":"<p>Pour la bonne marche de l\u2019\u00e9cole et pour que r\u00e8gne la bonne humeur&nbsp;: Le silence doit \u00eatre respect\u00e9 dans les rangs. Le calme doit r\u00e9gner dans les escaliers \u00e0 l\u2019entr\u00e9e et \u00e0 la sortie des classes. L\u2019acc\u00e8s aux classes est interdit pendant les r\u00e9cr\u00e9ations et apr\u00e8s les cours. Le chewing-gum et les sucettes sont interdits dans l\u2019enceinte de l\u2019\u00e9cole. Tous les objets de maniement dangereux sont interdits (ballons en cuir ou simili, durs, etc.\u2026). Une tenue vestimentaire et adapt\u00e9e est obligatoire. Je dois respecter les personnes&nbsp;: ma\u00eetres et ma\u00eetresses, tous les adultes, mes camarades. Je respecte leur caract\u00e8re, leurs difficult\u00e9s, leurs talents, \u2026 Je leur parle poliment. Je ne me moque pas d\u2019eux. J\u2019applique les consignes des ma\u00eetres et ma\u00eetresses. Je dois participer \u00e0 la s\u00e9curit\u00e9 de tous. Je reste sous la surveillance des adultes. Je fais attention aux plus petits. Je ne joue pas \u00e0 des jeux violents ou dangereux. J\u2019applique les consignes de s\u00e9curit\u00e9. Je ne dois pas quitter l\u2019enceinte de l\u2019\u00e9cole seul et je dois attendre mes parents dans la cour (si mes parents n\u2019ont pas sign\u00e9 d\u2019autorisation). Je viens \u00e0 l\u2019\u00e9cole pour apprendre. Je conserve tout mon mat\u00e9riel d\u2019\u00e9cole en bon \u00e9tat. Je fais le travail demand\u00e9. Je ne manque pas la classe sauf si je suis malade. (J\u2019apporte alors un mot de mes parents ou un certificat m\u00e9dical). Je suis responsable de mes objets. Je m\u00e9nage le mat\u00e9riel collectif. (Portes, ordinateurs, chaises&#8230;) Je laisse les \u00e9quipements propres et en bon \u00e9tat. J\u2019entretiens les livres qui me sont confi\u00e9s. J\u2019en suis responsable. Je ne gaspille pas (feuilles, papier toilette, eau&#8230;). J\u2019utilise les poubelles. A la cantine Je respecte l\u2019hygi\u00e8ne&nbsp;: je me lave les mains, je mange proprement. Je facilite le travail de ceux qui servent. Je respecte la nourriture. Je go\u00fbte \u00e0 tout, je ne gaspille pas, je ne joue pas avec la nourriture. Je reste calme et parle doucement. Je m\u2019assois \u00e0 la place qui m\u2019est indiqu\u00e9e. Dans la cour J\u2019accepte les autres dans mon jeu si c\u2019est possible. Je ne g\u00eane pas le jeu des autres. Je ne dois pas jouer hors des limites. (haies,\u2026) Sanctions Le ma\u00eetre, la ma\u00eetresse ou l\u2019adulte qui m\u2019encadre, m\u2019explique ce qui n\u2019est pas acceptable. Le ma\u00eetre ou la ma\u00eetresse ou l\u2019adulte qui m\u2019encadre m\u2019oblige \u00e0 m\u2019arr\u00eater de jouer un moment. Le ma\u00eetre ou la ma\u00eetresse me demande d\u2019aller un moment dans une autre classe. Je dois recopier une r\u00e8gle de ce r\u00e8glement&nbsp;; une ou plusieurs fois pour bien m\u2019en souvenir. Je dois faire un petit travail suppl\u00e9mentaire. Je dois remplacer quelque chose que j\u2019ai perdu ou cass\u00e9. Si je continue ou si je recommence, je devrai aller dans le bureau du directeur qui pourra&nbsp;: me donner un avertissement oral. me donner un avertissement \u00e9crit en pr\u00e9sence de mes parents.<\/p>\n","protected":false},"author":1,"featured_media":0,"parent":0,"menu_order":0,"comment_status":"closed","ping_status":"closed","template":"","meta":[],"_links":{"self":[{"href":"https:\/\/www.stjoseph-lodeve.fr\/index.php\/wp-json\/wp\/v2\/pages\/115"}],"collection":[{"href":"https:\/\/www.stjoseph-lodeve.fr\/index.php\/wp-json\/wp\/v2\/pages"}],"about":[{"href":"https:\/\/www.stjoseph-lodeve.fr\/index.php\/wp-json\/wp\/v2\/types\/page"}],"author":[{"embeddable":true,"href":"https:\/\/www.stjoseph-lodeve.fr\/index.php\/wp-json\/wp\/v2\/users\/1"}],"replies":[{"embeddable":true,"href":"https:\/\/www.stjoseph-lodeve.fr\/index.php\/wp-json\/wp\/v2\/comments?post=115"}],"version-history":[{"count":3,"href":"https:\/\/www.stjoseph-lodeve.fr\/index.php\/wp-json\/wp\/v2\/pages\/115\/revisions"}],"predecessor-version":[{"id":133,"href":"https:\/\/www.stjoseph-lodeve.fr\/index.php\/wp-json\/wp\/v2\/pages\/115\/revisions\/133"}],"wp:attachment":[{"href":"https:\/\/www.stjoseph-lodeve.fr\/index.php\/wp-json\/wp\/v2\/media?parent=115"}],"curies":[{"name":"wp","href":"https:\/\/api.w.org\/{rel}","templated":true}]}}