{"id":12,"date":"2021-11-09T08:54:34","date_gmt":"2021-11-09T07:54:34","guid":{"rendered":"https:\/\/www.stjoseph-lodeve.fr\/?page_id=12"},"modified":"2022-02-03T10:36:27","modified_gmt":"2022-02-03T09:36:27","slug":"projet-pastoral","status":"publish","type":"page","link":"https:\/\/www.stjoseph-lodeve.fr\/index.php\/projet-pastoral\/","title":{"rendered":"Projet pastoral"},"content":{"rendered":"\n<div class=\"wp-block-image\"><figure class=\"alignright size-full\"><img loading=\"lazy\" width=\"425\" height=\"272\" src=\"https:\/\/www.stjoseph-lodeve.fr\/wp-content\/uploads\/2022\/02\/pastorale.png\" alt=\"\" class=\"wp-image-129\" srcset=\"https:\/\/www.stjoseph-lodeve.fr\/wp-content\/uploads\/2022\/02\/pastorale.png 425w, https:\/\/www.stjoseph-lodeve.fr\/wp-content\/uploads\/2022\/02\/pastorale-300x192.png 300w\" sizes=\"(max-width: 425px) 100vw, 425px\" \/><\/figure><\/div>\n\n\n\n<p class=\"has-text-align-center\"><em>\u00ab\u00a0L\u2019\u00e9ducation en \u00e9tablissement catholique appelle \u00e0 servir la<br>croissance de l\u2019homme et la construction de la soci\u00e9t\u00e9.\u00a0\u00bb<\/em><br><strong>article 3 du statut de l\u2019Enseignement catholique<\/strong><\/p>\n\n\n\n<p>La pastorale n\u2019est pas un service \u00e0 part dans l\u2019\u00e9tablissement, elle impr\u00e8gne tout ce qui se vit dans\u00a0la communaut\u00e9 \u00e9ducative.<\/p>\n\n\n\n<p>Elle invite chaque adulte de l&rsquo;\u00e9tablissement \u00e0 une posture tourn\u00e9e vers <strong>l&rsquo;ELEVE<\/strong> dans son geste, son agir, ses propos afin de l&rsquo;aider \u00e0 grandir en humanit\u00e9. L\u00e0, il pourra faire un chemin de d\u00e9couverte de lui-m\u00eame, de <strong>l&rsquo;AUTRE<\/strong> et du monde. Ce compagnonnage en lien avec l&rsquo;ext\u00e9rieur (familles, amis, associations\u2026) doit l&rsquo;aider \u00e0 vivre la diff\u00e9rence, \u00e0 adopter des attitudes de respect. La solidarit\u00e9, l&rsquo;inter-religieux et l\u2019\u0153cum\u00e9nisme sont des champs importants.<\/p>\n\n\n\n<p>Nous souhaitons faire de notre \u00e9tablissements un lieu d&rsquo;\u00e9ducation anim\u00e9 par l&rsquo;esprit \u00e9vang\u00e9lique et nous nous engageons, chacun et tous ensemble \u00e0 vivre : la <strong>Bienveillance<\/strong>, la <strong>Fraternit\u00e9 <\/strong>et l&rsquo;<strong>Esp\u00e9rance<\/strong>.<\/p>\n\n\n\n<p><\/p>\n\n\n\n<p class=\"has-text-align-center\"><em>\u00ab\u00a0Mes enfants, nous devons nous aimer, non pas avec des paroles et des discours, mais par des actes et en v\u00e9rit\u00e9.\u00a0\u00bb<\/em><br><strong>1\u00e8re lettre de St-Jean, 3-18<\/strong><\/p>\n\n\n\n<p><\/p>\n\n\n\n<p><strong>L&rsquo;accueil de tous<\/strong>, sans distinction et quelles que soient les diff\u00e9rences (religion, culture, sant\u00e9, capacit\u00e9s intellectuelles, situation \u00e9conomique\u2026) est au centre de la mission de l&rsquo;Enseignement Catholique et du projet de nos \u00e9tablissements.<br>\u00a0<br><strong>La Pastorale<\/strong> vise en tout premier lieu, un climat, un \u00e9tat d&rsquo;esprit, une posture qui permettent \u00e0 chacun de <strong>trouver sa juste place dans ses relations de respect, de confiance et de pardon<\/strong>. Elle concerne l&rsquo;ensemble de la communaut\u00e9 \u00e9ducative et propose \u00e0 tous ceux qui le d\u00e9sirent de d\u00e9couvrir et d&rsquo;approfondir <em>la culture et la foi des chr\u00e9tiens<\/em>.<\/p>\n","protected":false},"excerpt":{"rendered":"<p>\u00ab\u00a0L\u2019\u00e9ducation en \u00e9tablissement catholique appelle \u00e0 servir lacroissance de l\u2019homme et la construction de la soci\u00e9t\u00e9.\u00a0\u00bbarticle 3 du statut de l\u2019Enseignement catholique La pastorale n\u2019est pas un service \u00e0 part dans l\u2019\u00e9tablissement, elle impr\u00e8gne tout ce qui se vit dans\u00a0la communaut\u00e9 \u00e9ducative. Elle invite chaque adulte de l&rsquo;\u00e9tablissement \u00e0 une posture tourn\u00e9e vers l&rsquo;ELEVE dans son geste, son agir, ses propos afin de l&rsquo;aider \u00e0 grandir en humanit\u00e9. L\u00e0, il pourra faire un chemin de d\u00e9couverte de lui-m\u00eame, de l&rsquo;AUTRE et du monde. Ce compagnonnage en lien avec l&rsquo;ext\u00e9rieur (familles, amis, associations\u2026) doit l&rsquo;aider \u00e0 vivre la diff\u00e9rence, \u00e0 adopter des attitudes de respect. La solidarit\u00e9, l&rsquo;inter-religieux et l\u2019\u0153cum\u00e9nisme sont des champs importants. Nous souhaitons faire de notre \u00e9tablissements un lieu d&rsquo;\u00e9ducation anim\u00e9 par l&rsquo;esprit \u00e9vang\u00e9lique et nous nous engageons, chacun et tous ensemble \u00e0 vivre : la Bienveillance, la Fraternit\u00e9 et l&rsquo;Esp\u00e9rance. \u00ab\u00a0Mes enfants, nous devons nous aimer, non pas avec des paroles et des discours, mais par des actes et en v\u00e9rit\u00e9.\u00a0\u00bb1\u00e8re lettre de St-Jean, 3-18 L&rsquo;accueil de tous, sans distinction et quelles que soient les diff\u00e9rences (religion, culture, sant\u00e9, capacit\u00e9s intellectuelles, situation \u00e9conomique\u2026) est au centre de la mission de l&rsquo;Enseignement Catholique et du projet de nos \u00e9tablissements.\u00a0La Pastorale vise en tout premier lieu, un climat, un \u00e9tat d&rsquo;esprit, une posture qui permettent \u00e0 chacun de trouver sa juste place dans ses relations de respect, de confiance et de pardon. Elle concerne l&rsquo;ensemble de la communaut\u00e9 \u00e9ducative et propose \u00e0 tous ceux qui le d\u00e9sirent de d\u00e9couvrir et d&rsquo;approfondir la culture et la foi des chr\u00e9tiens.<\/p>\n","protected":false},"author":1,"featured_media":0,"parent":0,"menu_order":0,"comment_status":"closed","ping_status":"closed","template":"","meta":[],"_links":{"self":[{"href":"https:\/\/www.stjoseph-lodeve.fr\/index.php\/wp-json\/wp\/v2\/pages\/12"}],"collection":[{"href":"https:\/\/www.stjoseph-lodeve.fr\/index.php\/wp-json\/wp\/v2\/pages"}],"about":[{"href":"https:\/\/www.stjoseph-lodeve.fr\/index.php\/wp-json\/wp\/v2\/types\/page"}],"author":[{"embeddable":true,"href":"https:\/\/www.stjoseph-lodeve.fr\/index.php\/wp-json\/wp\/v2\/users\/1"}],"replies":[{"embeddable":true,"href":"https:\/\/www.stjoseph-lodeve.fr\/index.php\/wp-json\/wp\/v2\/comments?post=12"}],"version-history":[{"count":3,"href":"https:\/\/www.stjoseph-lodeve.fr\/index.php\/wp-json\/wp\/v2\/pages\/12\/revisions"}],"predecessor-version":[{"id":131,"href":"https:\/\/www.stjoseph-lodeve.fr\/index.php\/wp-json\/wp\/v2\/pages\/12\/revisions\/131"}],"wp:attachment":[{"href":"https:\/\/www.stjoseph-lodeve.fr\/index.php\/wp-json\/wp\/v2\/media?parent=12"}],"curies":[{"name":"wp","href":"https:\/\/api.w.org\/{rel}","templated":true}]}}