{"id":14,"date":"2021-11-09T08:55:23","date_gmt":"2021-11-09T07:55:23","guid":{"rendered":"https:\/\/www.stjoseph-lodeve.fr\/?page_id=14"},"modified":"2022-02-04T17:29:03","modified_gmt":"2022-02-04T16:29:03","slug":"maternelle","status":"publish","type":"page","link":"https:\/\/www.stjoseph-lodeve.fr\/index.php\/maternelle\/","title":{"rendered":"Maternelle"},"content":{"rendered":"\n<h3>De la Toute Petite Section \u00e0 la Grande Section<\/h3>\n\n\n\n<h4>Chez les TPS\/PS:<\/h4>\n\n\n\n<div class=\"wp-block-image\"><figure class=\"alignright size-large is-resized\"><img loading=\"lazy\" src=\"https:\/\/www.stjoseph-lodeve.fr\/wp-content\/uploads\/2022\/02\/maternelles-Format-Couverture--1024x576.jpg\" alt=\"\" class=\"wp-image-197\" width=\"471\" height=\"265\" srcset=\"https:\/\/www.stjoseph-lodeve.fr\/wp-content\/uploads\/2022\/02\/maternelles-Format-Couverture--1024x576.jpg 1024w, https:\/\/www.stjoseph-lodeve.fr\/wp-content\/uploads\/2022\/02\/maternelles-Format-Couverture--300x169.jpg 300w, https:\/\/www.stjoseph-lodeve.fr\/wp-content\/uploads\/2022\/02\/maternelles-Format-Couverture--768x432.jpg 768w, https:\/\/www.stjoseph-lodeve.fr\/wp-content\/uploads\/2022\/02\/maternelles-Format-Couverture--1536x863.jpg 1536w, https:\/\/www.stjoseph-lodeve.fr\/wp-content\/uploads\/2022\/02\/maternelles-Format-Couverture--2048x1151.jpg 2048w, https:\/\/www.stjoseph-lodeve.fr\/wp-content\/uploads\/2022\/02\/maternelles-Format-Couverture--1140x641.jpg 1140w\" sizes=\"(max-width: 471px) 100vw, 471px\" \/><\/figure><\/div>\n\n\n\n<ul><li>accueil \u00e9chelonn\u00e9 tout au long de l\u2019ann\u00e9e, rentr\u00e9e possible \u00e0 chaque p\u00e9riode<\/li><li>possibilit\u00e9 d\u2019un rythme hebdomadaire \u00e9volutif<\/li><li>am\u00e9nagement du temps d\u2019accueil des petite section (en conformit\u00e9 avec l\u2019obligation de scolarisation d\u00e8s 3 ans)<\/li><li>adaptation d\u2019une heure en immersion avec la pr\u00e9sence d\u2019un parent avant la 1\u00e8re rentr\u00e9e<\/li><li>un espace d\u00e9di\u00e9 exclusivement aux TPS\/PS: dortoir, cour de r\u00e9cr\u00e9ation<\/li><\/ul>\n\n\n\n<h4>Et pour toute la maternelle:<\/h4>\n\n\n\n<ul><li>une salle de motricit\u00e9<\/li><li>s\u00e9ances hebdomadaires d\u2019Anglais avec un professeur anglophone dipl\u00f4m\u00e9<\/li><li>accueil bimensuel \u00e0 la m\u00e9diath\u00e8que en lien avec des projets de classe<\/li><li>visite du mus\u00e9e<\/li><li>spectacle d\u2019arts vivants \u201cR\u00e9surgence\u201d propos\u00e9 par la communaut\u00e9 de communes du Lod\u00e9vois-Larzac<\/li><li>salle de r\u00e9fectoire adapt\u00e9e et r\u00e9serv\u00e9e aux maternelles<\/li><\/ul>\n\n\n\n<p><\/p>\n","protected":false},"excerpt":{"rendered":"<p>De la Toute Petite Section \u00e0 la Grande Section Chez les TPS\/PS: accueil \u00e9chelonn\u00e9 tout au long de l\u2019ann\u00e9e, rentr\u00e9e possible \u00e0 chaque p\u00e9riode possibilit\u00e9 d\u2019un rythme hebdomadaire \u00e9volutif am\u00e9nagement du temps d\u2019accueil des petite section (en conformit\u00e9 avec l\u2019obligation de scolarisation d\u00e8s 3 ans) adaptation d\u2019une heure en immersion avec la pr\u00e9sence d\u2019un parent avant la 1\u00e8re rentr\u00e9e un espace d\u00e9di\u00e9 exclusivement aux TPS\/PS: dortoir, cour de r\u00e9cr\u00e9ation Et pour toute la maternelle: une salle de motricit\u00e9 s\u00e9ances hebdomadaires d\u2019Anglais avec un professeur anglophone dipl\u00f4m\u00e9 accueil bimensuel \u00e0 la m\u00e9diath\u00e8que en lien avec des projets de classe visite du mus\u00e9e spectacle d\u2019arts vivants \u201cR\u00e9surgence\u201d propos\u00e9 par la communaut\u00e9 de communes du Lod\u00e9vois-Larzac salle de r\u00e9fectoire adapt\u00e9e et r\u00e9serv\u00e9e aux maternelles<\/p>\n","protected":false},"author":1,"featured_media":0,"parent":0,"menu_order":0,"comment_status":"closed","ping_status":"closed","template":"","meta":[],"_links":{"self":[{"href":"https:\/\/www.stjoseph-lodeve.fr\/index.php\/wp-json\/wp\/v2\/pages\/14"}],"collection":[{"href":"https:\/\/www.stjoseph-lodeve.fr\/index.php\/wp-json\/wp\/v2\/pages"}],"about":[{"href":"https:\/\/www.stjoseph-lodeve.fr\/index.php\/wp-json\/wp\/v2\/types\/page"}],"author":[{"embeddable":true,"href":"https:\/\/www.stjoseph-lodeve.fr\/index.php\/wp-json\/wp\/v2\/users\/1"}],"replies":[{"embeddable":true,"href":"https:\/\/www.stjoseph-lodeve.fr\/index.php\/wp-json\/wp\/v2\/comments?post=14"}],"version-history":[{"count":12,"href":"https:\/\/www.stjoseph-lodeve.fr\/index.php\/wp-json\/wp\/v2\/pages\/14\/revisions"}],"predecessor-version":[{"id":210,"href":"https:\/\/www.stjoseph-lodeve.fr\/index.php\/wp-json\/wp\/v2\/pages\/14\/revisions\/210"}],"wp:attachment":[{"href":"https:\/\/www.stjoseph-lodeve.fr\/index.php\/wp-json\/wp\/v2\/media?parent=14"}],"curies":[{"name":"wp","href":"https:\/\/api.w.org\/{rel}","templated":true}]}}