{"id":16,"date":"2021-11-09T08:55:59","date_gmt":"2021-11-09T07:55:59","guid":{"rendered":"https:\/\/www.stjoseph-lodeve.fr\/?page_id=16"},"modified":"2022-02-15T14:51:42","modified_gmt":"2022-02-15T13:51:42","slug":"elementaire","status":"publish","type":"page","link":"https:\/\/www.stjoseph-lodeve.fr\/index.php\/elementaire\/","title":{"rendered":"\u00c9l\u00e9mentaire"},"content":{"rendered":"\n<h3>Du CP au CM2<\/h3>\n\n\n\n<ul><li>S\u00e9ance d\u2019Anglais hebdomadaire<\/li><li>Mise en place d\u2019Activit\u00e9s P\u00e9dagogiques Compl\u00e9mentaires en petit groupe de travail pour un renfort des pratiques de classe<\/li><li>Dans le cadre de l\u2019\u00e9cole inclusive, travail en collaboration avec un enseignant sp\u00e9cialis\u00e9 ASH pour les enfants \u00e0 besoins \u00e9ducatifs particuliers<\/li><li>Pratique du chant avec un intervenant<\/li><li>Accueil bimensuel \u00e0 la m\u00e9diath\u00e8que en lien avec des projets de classe<\/li><li>Visite du mus\u00e9e<\/li><li>Spectacle d\u2019arts vivants \u201cR\u00e9surgence\u201d propos\u00e9 par la communaut\u00e9 de communes du Lod\u00e9vois-Larzac<\/li><li>Projet \u201cEcole &amp; cin\u00e9ma\u201d (d\u00e8s la GS)<\/li><li>Activit\u00e9s sportives vari\u00e9es et encadr\u00e9es par des intervenants sp\u00e9cialis\u00e9s: piscine, tennis, p\u00e9tanque,\u2026<\/li><\/ul>\n","protected":false},"excerpt":{"rendered":"<p>Du CP au CM2 S\u00e9ance d\u2019Anglais hebdomadaire Mise en place d\u2019Activit\u00e9s P\u00e9dagogiques Compl\u00e9mentaires en petit groupe de travail pour un renfort des pratiques de classe Dans le cadre de l\u2019\u00e9cole inclusive, travail en collaboration avec un enseignant sp\u00e9cialis\u00e9 ASH pour les enfants \u00e0 besoins \u00e9ducatifs particuliers Pratique du chant avec un intervenant Accueil bimensuel \u00e0 la m\u00e9diath\u00e8que en lien avec des projets de classe Visite du mus\u00e9e Spectacle d\u2019arts vivants \u201cR\u00e9surgence\u201d propos\u00e9 par la communaut\u00e9 de communes du Lod\u00e9vois-Larzac Projet \u201cEcole &amp; cin\u00e9ma\u201d (d\u00e8s la GS) Activit\u00e9s sportives vari\u00e9es et encadr\u00e9es par des intervenants sp\u00e9cialis\u00e9s: piscine, tennis, p\u00e9tanque,\u2026<\/p>\n","protected":false},"author":1,"featured_media":0,"parent":0,"menu_order":0,"comment_status":"closed","ping_status":"closed","template":"","meta":[],"_links":{"self":[{"href":"https:\/\/www.stjoseph-lodeve.fr\/index.php\/wp-json\/wp\/v2\/pages\/16"}],"collection":[{"href":"https:\/\/www.stjoseph-lodeve.fr\/index.php\/wp-json\/wp\/v2\/pages"}],"about":[{"href":"https:\/\/www.stjoseph-lodeve.fr\/index.php\/wp-json\/wp\/v2\/types\/page"}],"author":[{"embeddable":true,"href":"https:\/\/www.stjoseph-lodeve.fr\/index.php\/wp-json\/wp\/v2\/users\/1"}],"replies":[{"embeddable":true,"href":"https:\/\/www.stjoseph-lodeve.fr\/index.php\/wp-json\/wp\/v2\/comments?post=16"}],"version-history":[{"count":3,"href":"https:\/\/www.stjoseph-lodeve.fr\/index.php\/wp-json\/wp\/v2\/pages\/16\/revisions"}],"predecessor-version":[{"id":238,"href":"https:\/\/www.stjoseph-lodeve.fr\/index.php\/wp-json\/wp\/v2\/pages\/16\/revisions\/238"}],"wp:attachment":[{"href":"https:\/\/www.stjoseph-lodeve.fr\/index.php\/wp-json\/wp\/v2\/media?parent=16"}],"curies":[{"name":"wp","href":"https:\/\/api.w.org\/{rel}","templated":true}]}}