{"id":20,"date":"2021-11-09T08:56:49","date_gmt":"2021-11-09T07:56:49","guid":{"rendered":"https:\/\/www.stjoseph-lodeve.fr\/?page_id=20"},"modified":"2022-02-04T17:52:33","modified_gmt":"2022-02-04T16:52:33","slug":"apel","status":"publish","type":"page","link":"https:\/\/www.stjoseph-lodeve.fr\/index.php\/apel\/","title":{"rendered":"APEL"},"content":{"rendered":"\n<h4>QU\u2019EST CE QUE L\u2019APEL (Association de Parents d&rsquo;\u00e9l\u00e8ves de l&rsquo;Enseignement Libre)?<\/h4>\n\n\n\n<p>Les Apel ont \u00e9t\u00e9 cr\u00e9es il y a&nbsp;plus de 80 ans&nbsp;par des parents d&rsquo;\u00e9l\u00e8ves d\u00e9sireux d&rsquo;\u00eatre associ\u00e9s \u00e0 la vie des \u00e9tablissements scolaires de leurs enfants.<br>Chaque jour, ce sont des&nbsp;milliers de b\u00e9n\u00e9voles&nbsp;qui collaborent activement aux projets \u00e9ducatifs des \u00e9tablissements.&nbsp;L&rsquo;Apel s&rsquo;engage pour l&rsquo;avenir de 2 millions d&rsquo;enfants, dont les parents ont choisi librement un \u00e9tablissement scolaire et son projet \u00e9ducatif.<br>Les Apel&nbsp;agissent et s&rsquo;impliquent dans la vie des \u00e9tablissements&nbsp;scolaires. Elles ont la responsabilit\u00e9 de repr\u00e9senter les parents, au sein des \u00e9tablissements comme aupr\u00e8s des responsables de l&rsquo;Institution scolaire et des pouvoirs publics.<br>L&rsquo;Apel accompagne \u00e9galement les parents dans leur t\u00e2che \u00e9ducative&nbsp;au travers des diff\u00e9rents services qu&rsquo;elle leur offre&nbsp;: le Service d&rsquo;information et de conseil aux familles, le magazine Famille &amp; \u00e9ducation, le site&nbsp; www.apel.fr , la plateforme t\u00e9l\u00e9phonique Apel Service. Fortes de l&rsquo;exp\u00e9rience des parents,&nbsp;les Apel participent au d\u00e9bat \u00e9ducatif, que ce<br>soit sous forme de conf\u00e9rence-d\u00e9bat dans un \u00e9tablissement, de colloques dans les r\u00e9gions, de congr\u00e8s nationaux, ou de prises de position publiques sur un projet de r\u00e9forme. Enfin, les Apel continuent \u00e0&nbsp;d\u00e9fendre la libert\u00e9 &lsquo;enseignement et du choix de l&rsquo;\u00e9cole.<\/p>\n\n\n\n<h4 class=\"has-text-align-center\">NOS ACTIONS:<\/h4>\n\n\n\n<ul><li>concours d\u2019automne<\/li><li>journ\u00e9e festive autour de No\u00ebl (animations, photo, veill\u00e9e\u2026)<\/li><li>loto<\/li><li>kermesse<\/li><li>carnaval<\/li><li>f\u00eate de fin d\u2019ann\u00e9e<\/li><li>\u2026<\/li><\/ul>\n\n\n\n<hr class=\"wp-block-separator\"\/>\n\n\n\n\n<div class=\"efbl_feed_wraper  efbl_skin_215\" >\n\n\t\t\t\t\t        <p class=\"efbl_error_msg\"> Error validating access token: The session has been invalidated because the user changed their password or Facebook has changed the session for security reasons. <\/p>\n\t\t\t\t \n\t\t\t\t\n        <\/div>\n","protected":false},"excerpt":{"rendered":"<p>QU\u2019EST CE QUE L\u2019APEL (Association de Parents d&rsquo;\u00e9l\u00e8ves de l&rsquo;Enseignement Libre)? Les Apel ont \u00e9t\u00e9 cr\u00e9es il y a&nbsp;plus de 80 ans&nbsp;par des parents d&rsquo;\u00e9l\u00e8ves d\u00e9sireux d&rsquo;\u00eatre associ\u00e9s \u00e0 la vie des \u00e9tablissements scolaires de leurs enfants.Chaque jour, ce sont des&nbsp;milliers de b\u00e9n\u00e9voles&nbsp;qui collaborent activement aux projets \u00e9ducatifs des \u00e9tablissements.&nbsp;L&rsquo;Apel s&rsquo;engage pour l&rsquo;avenir de 2 millions d&rsquo;enfants, dont les parents ont choisi librement un \u00e9tablissement scolaire et son projet \u00e9ducatif.Les Apel&nbsp;agissent et s&rsquo;impliquent dans la vie des \u00e9tablissements&nbsp;scolaires. Elles ont la responsabilit\u00e9 de repr\u00e9senter les parents, au sein des \u00e9tablissements comme aupr\u00e8s des responsables de l&rsquo;Institution scolaire et des pouvoirs publics.L&rsquo;Apel accompagne \u00e9galement les parents dans leur t\u00e2che \u00e9ducative&nbsp;au travers des diff\u00e9rents services qu&rsquo;elle leur offre&nbsp;: le Service d&rsquo;information et de conseil aux familles, le magazine Famille &amp; \u00e9ducation, le site&nbsp; www.apel.fr , la plateforme t\u00e9l\u00e9phonique Apel Service. Fortes de l&rsquo;exp\u00e9rience des parents,&nbsp;les Apel participent au d\u00e9bat \u00e9ducatif, que cesoit sous forme de conf\u00e9rence-d\u00e9bat dans un \u00e9tablissement, de colloques dans les r\u00e9gions, de congr\u00e8s nationaux, ou de prises de position publiques sur un projet de r\u00e9forme. Enfin, les Apel continuent \u00e0&nbsp;d\u00e9fendre la libert\u00e9 &lsquo;enseignement et du choix de l&rsquo;\u00e9cole. NOS ACTIONS: concours d\u2019automne journ\u00e9e festive autour de No\u00ebl (animations, photo, veill\u00e9e\u2026) loto kermesse carnaval f\u00eate de fin d\u2019ann\u00e9e \u2026<\/p>\n","protected":false},"author":1,"featured_media":0,"parent":0,"menu_order":0,"comment_status":"closed","ping_status":"closed","template":"","meta":[],"_links":{"self":[{"href":"https:\/\/www.stjoseph-lodeve.fr\/index.php\/wp-json\/wp\/v2\/pages\/20"}],"collection":[{"href":"https:\/\/www.stjoseph-lodeve.fr\/index.php\/wp-json\/wp\/v2\/pages"}],"about":[{"href":"https:\/\/www.stjoseph-lodeve.fr\/index.php\/wp-json\/wp\/v2\/types\/page"}],"author":[{"embeddable":true,"href":"https:\/\/www.stjoseph-lodeve.fr\/index.php\/wp-json\/wp\/v2\/users\/1"}],"replies":[{"embeddable":true,"href":"https:\/\/www.stjoseph-lodeve.fr\/index.php\/wp-json\/wp\/v2\/comments?post=20"}],"version-history":[{"count":5,"href":"https:\/\/www.stjoseph-lodeve.fr\/index.php\/wp-json\/wp\/v2\/pages\/20\/revisions"}],"predecessor-version":[{"id":220,"href":"https:\/\/www.stjoseph-lodeve.fr\/index.php\/wp-json\/wp\/v2\/pages\/20\/revisions\/220"}],"wp:attachment":[{"href":"https:\/\/www.stjoseph-lodeve.fr\/index.php\/wp-json\/wp\/v2\/media?parent=20"}],"curies":[{"name":"wp","href":"https:\/\/api.w.org\/{rel}","templated":true}]}}