{"id":28,"date":"2021-11-09T08:59:24","date_gmt":"2021-11-09T07:59:24","guid":{"rendered":"https:\/\/www.stjoseph-lodeve.fr\/?page_id=28"},"modified":"2022-02-04T16:58:29","modified_gmt":"2022-02-04T15:58:29","slug":"frais-dinscription","status":"publish","type":"page","link":"https:\/\/www.stjoseph-lodeve.fr\/index.php\/frais-dinscription\/","title":{"rendered":"Modalit\u00e9s d&rsquo;inscription"},"content":{"rendered":"\n<p>Le chef d&rsquo;\u00e9tablissement vous re\u00e7oit uniquement sur rendez-vous.<br><\/p>\n\n\n\n<p>Le secr\u00e9tariat est joignable :<\/p>\n\n\n\n<ul><li>par t\u00e9l\u00e9phone: 04.67.44.02.33<\/li><li>par mail: <a href=\"https:\/\/www.stjoseph-lodeve.fr\/index.php\/contact\/\">formulaire de contact<\/a> <\/li><\/ul>\n\n\n\n<p><\/p>\n","protected":false},"excerpt":{"rendered":"<p>Le chef d&rsquo;\u00e9tablissement vous re\u00e7oit uniquement sur rendez-vous. Le secr\u00e9tariat est joignable : par t\u00e9l\u00e9phone: 04.67.44.02.33 par mail: formulaire de contact<\/p>\n","protected":false},"author":1,"featured_media":0,"parent":0,"menu_order":0,"comment_status":"closed","ping_status":"closed","template":"","meta":[],"_links":{"self":[{"href":"https:\/\/www.stjoseph-lodeve.fr\/index.php\/wp-json\/wp\/v2\/pages\/28"}],"collection":[{"href":"https:\/\/www.stjoseph-lodeve.fr\/index.php\/wp-json\/wp\/v2\/pages"}],"about":[{"href":"https:\/\/www.stjoseph-lodeve.fr\/index.php\/wp-json\/wp\/v2\/types\/page"}],"author":[{"embeddable":true,"href":"https:\/\/www.stjoseph-lodeve.fr\/index.php\/wp-json\/wp\/v2\/users\/1"}],"replies":[{"embeddable":true,"href":"https:\/\/www.stjoseph-lodeve.fr\/index.php\/wp-json\/wp\/v2\/comments?post=28"}],"version-history":[{"count":4,"href":"https:\/\/www.stjoseph-lodeve.fr\/index.php\/wp-json\/wp\/v2\/pages\/28\/revisions"}],"predecessor-version":[{"id":195,"href":"https:\/\/www.stjoseph-lodeve.fr\/index.php\/wp-json\/wp\/v2\/pages\/28\/revisions\/195"}],"wp:attachment":[{"href":"https:\/\/www.stjoseph-lodeve.fr\/index.php\/wp-json\/wp\/v2\/media?parent=28"}],"curies":[{"name":"wp","href":"https:\/\/api.w.org\/{rel}","templated":true}]}}