{"id":30,"date":"2021-11-09T08:59:37","date_gmt":"2021-11-09T07:59:37","guid":{"rendered":"https:\/\/www.stjoseph-lodeve.fr\/?page_id=30"},"modified":"2022-02-03T09:53:04","modified_gmt":"2022-02-03T08:53:04","slug":"reglement-interieur","status":"publish","type":"page","link":"https:\/\/www.stjoseph-lodeve.fr\/index.php\/reglement-interieur\/","title":{"rendered":"R\u00e8glement int\u00e9rieur"},"content":{"rendered":"\n<h4>Accueil des enfants\u00a0:<\/h4>\n\n\n\n<ul><li>Garderie du matin\u00a0: 7h45- 8h30<\/li><li>Garderie du soir\u00a0: 17h00-18h00<\/li><\/ul>\n\n\n\n<p><em>Tout retard r\u00e9p\u00e9t\u00e9 au-del\u00e0 de 18h00 entra\u00eenera l\u2019exclusion de ce service.<\/em><\/p>\n\n\n\n<h4>Horaires des cours\u00a0: <\/h4>\n\n\n\n<ul><li>8h30 \u2013 12h00<\/li><li>13h45 \u2013 16h30<\/li><\/ul>\n\n\n\n<p><em>Attention\u00a0: Les retards r\u00e9it\u00e9r\u00e9s ne seront pas admis.<\/em><\/p>\n\n\n\n<h4>Acc\u00e8s \u00e0 l\u2019\u00e9tablissement\u00a0:<\/h4>\n\n\n\n<p><strong>Avenue de la R\u00e9publique\u00a0&#8211; Portail ouvert\u00a0de :<\/strong><\/p>\n\n\n\n<ul><li>08h20 \u00e0 08h30<\/li><li>12h00 \u00e0 12h15\u00a0<em>(ouverture \u00e0 11H50 pour les \u00e9l\u00e8ves de la maternelle)<\/em><\/li><li>13h35 \u00e0 13h45\u00a0<\/li><li>16h30 \u00e0 17h00 <em>(ouverture \u00e0 16h20 pour les \u00e9l\u00e8ves de la maternelle)<\/em><\/li><li>17h45 \u00e0 18h00<\/li><\/ul>\n\n\n\n<p><em>Nous vous rappelons que l\u2019\u00e9cole n\u2019est pas responsable des enfants en dehors des heures<br>officielles d\u2019ouverture.<\/em><\/p>\n\n\n\n<h4>Entr\u00e9e et sortie des classes<\/h4>\n\n\n\n<p>Aux heures d\u2019entr\u00e9es et de sorties, nous demandons aux parents de bien vouloir attendre les enfants derri\u00e8re les portillons et non sur les cours de r\u00e9cr\u00e9ation. En raison de la disposition des locaux, <strong>seuls les parents ayant des enfants en maternelle peuvent traverser les cours<\/strong>.<br>De m\u00eame, il est express\u00e9ment demand\u00e9 de ne pas vous attarder dans l\u2019\u00e9tablissement d\u00e8s que la premi\u00e8re sonnerie retentit. Les portes sont ferm\u00e9es \u00e0 l\u2019heure.<br>Les enfants de l\u2019\u00e9cole \u00e9l\u00e9mentaire ne sont pas autoris\u00e9s \u00e0 quitter seuls l\u2019\u00e9cole, sauf s\u2019ils ont une carte de sortie d\u00e9livr\u00e9e par le Chef d\u2019Etablissement et avec l\u2019accord des parents.<\/p>\n\n\n\n<h4>Enfants des classes maternelles<\/h4>\n\n\n\n<p>En d\u00e9but d\u2019ann\u00e9e, les parents doivent signaler par \u00e9crit le nom des personnes autoris\u00e9es \u00e0 r\u00e9cup\u00e9rer les enfants au moment des sorties. <strong>Il est strictement interdit de confier un enfant de classe maternelle \u00e0 un fr\u00e8re ou une s\u0153ur du primaire<\/strong>.<\/p>\n\n\n\n<h4>Acc\u00e8s aux salles de classe <\/h4>\n\n\n\n<p>Il est interdit aux parents d\u2019aller dans les salles de classe except\u00e9 si l\u2019enseignant le demande pour des raisons d\u2019ordre p\u00e9dagogique.<\/p>\n\n\n\n<h4>Entretien avec les enseignants<\/h4>\n\n\n\n<p>Si vous d\u00e9sirez avoir un entretien avec l\u2019enseignant de votre enfant, prenez rendez-vous avec lui par l\u2019interm\u00e9diaire du cahier de correspondance ou du secr\u00e9tariat.<br>Aucun rendez-vous ne sera accord\u00e9 sur un temps de service ou de surveillance assur\u00e9 par l\u2019enseignant.<\/p>\n\n\n\n<h4>Entretien avec le Chef d\u2019\u00e9tablissement\u00a0<\/h4>\n\n\n\n<p>Le Chef d\u2019\u00e9tablissement re\u00e7oit uniquement sur rendez-vous.<\/p>\n\n\n\n<h4>Cantine<\/h4>\n\n\n\n<p>La cantine fonctionne au jour le jour. Il suffit d\u2019acheter les tickets avant 8h45.Les tickets sont comptabilis\u00e9s au d\u00e9but de la matin\u00e9e.<br>Les enfants doivent \u00e9couter et respecter les personnes qui s\u2019occupent d\u2019eux. Lorsqu\u2019un enfant perturbe trop le groupe ou s\u2019il se montre insolent, il recevra un premier avertissement\u00a0: en cas de r\u00e9cidive, cet avertissement sera suivi d\u2019une exclusion de deux jours, exclusion qui pourra \u00eatre d\u00e9finitive si l\u2019enfant n\u2019am\u00e9liore pas son comportement.<\/p>\n\n\n\n<h4>Garderie du matin.<\/h4>\n\n\n\n<p>La garderie du matin est un service r\u00e9serv\u00e9 aux enfants dont les deux parents travaillent.<br>N\u00e9anmoins, il est possible de l\u2019utiliser en cas de besoin exceptionnel.<\/p>\n\n\n\n<h4>Fr\u00e9quentation de l\u2019\u00e9cole \u00e9l\u00e9mentaire<\/h4>\n\n\n\n<p>La fr\u00e9quentation r\u00e9guli\u00e8re de l\u2019\u00e9cole \u00e9l\u00e9mentaire, de la petite section de maternelle au CM2, est obligatoire, conform\u00e9ment aux textes l\u00e9gislatifs et r\u00e8glementaires en vigueur.<\/p>\n\n\n\n<h4>Fr\u00e9quentation de l\u2019\u00e9cole maternelle<\/h4>\n\n\n\n<p>L\u2019inscription \u00e0 l\u2019\u00e9cole maternelle implique de la part de la famille l\u2019engagement d\u2019une fr\u00e9quentation r\u00e9guli\u00e8re.<\/p>\n\n\n\n<h4>Absences<\/h4>\n\n\n\n<p>Il est obligatoire d\u2019informer l\u2019\u00e9cole de toute absence le jour m\u00eame, avant 10h00. <strong>Les absences sont consign\u00e9es, chaque demi-journ\u00e9e, dans un registre d\u2019appel tenu par le ma\u00eetre. En cas d\u2019absence, les parents doivent en faire conna\u00eetre le motif par \u00e9crit, dans les 48 heures avec production, le cas \u00e9ch\u00e9ant, d\u2019un certificat m\u00e9dical.<\/strong><br>\u00c0 la fin de chaque mois, le directeur signale \u00e0 l\u2019inspecteur d\u2019acad\u00e9mie, les \u00e9l\u00e8ves dont l\u2019assiduit\u00e9 est irr\u00e9guli\u00e8re, c\u2019est \u00e0 dire ayant manqu\u00e9 la classe sans motif l\u00e9gitime ni excuse valable au moins quatre demies journ\u00e9es dans le mois.<\/p>\n\n\n\n<h4>Go\u00fbter<\/h4>\n\n\n\n<p>Conform\u00e9ment aux recommandations minist\u00e9rielles, les go\u00fbters sont interdits en \u00e9l\u00e9mentaire,<br>except\u00e9 pour les enfants qui fr\u00e9quentent la garderie.<\/p>\n\n\n\n<p><\/p>\n\n\n\n<p class=\"has-text-align-center\"><strong><span style=\"text-decoration: underline;\">Attention<\/span>: A ce r\u00e8glement int\u00e9rieur, se joignent les \u00ab\u00a0r\u00e8gles de vie\u00a0\u00bb de l\u2019\u00e9tablissement  \u00e0 respecter.<\/strong><\/p>\n","protected":false},"excerpt":{"rendered":"<p>Accueil des enfants\u00a0: Garderie du matin\u00a0: 7h45- 8h30 Garderie du soir\u00a0: 17h00-18h00 Tout retard r\u00e9p\u00e9t\u00e9 au-del\u00e0 de 18h00 entra\u00eenera l\u2019exclusion de ce service. Horaires des cours\u00a0: 8h30 \u2013 12h00 13h45 \u2013 16h30 Attention\u00a0: Les retards r\u00e9it\u00e9r\u00e9s ne seront pas admis. Acc\u00e8s \u00e0 l\u2019\u00e9tablissement\u00a0: Avenue de la R\u00e9publique\u00a0&#8211; Portail ouvert\u00a0de : 08h20 \u00e0 08h30 12h00 \u00e0 12h15\u00a0(ouverture \u00e0 11H50 pour les \u00e9l\u00e8ves de la maternelle) 13h35 \u00e0 13h45\u00a0 16h30 \u00e0 17h00 (ouverture \u00e0 16h20 pour les \u00e9l\u00e8ves de la maternelle) 17h45 \u00e0 18h00 Nous vous rappelons que l\u2019\u00e9cole n\u2019est pas responsable des enfants en dehors des heuresofficielles d\u2019ouverture. Entr\u00e9e et sortie des classes Aux heures d\u2019entr\u00e9es et de sorties, nous demandons aux parents de bien vouloir attendre les enfants derri\u00e8re les portillons et non sur les cours de r\u00e9cr\u00e9ation. En raison de la disposition des locaux, seuls les parents ayant des enfants en maternelle peuvent traverser les cours.De m\u00eame, il est express\u00e9ment demand\u00e9 de ne pas vous attarder dans l\u2019\u00e9tablissement d\u00e8s que la premi\u00e8re sonnerie retentit. Les portes sont ferm\u00e9es \u00e0 l\u2019heure.Les enfants de l\u2019\u00e9cole \u00e9l\u00e9mentaire ne sont pas autoris\u00e9s \u00e0 quitter seuls l\u2019\u00e9cole, sauf s\u2019ils ont une carte de sortie d\u00e9livr\u00e9e par le Chef d\u2019Etablissement et avec l\u2019accord des parents. Enfants des classes maternelles En d\u00e9but d\u2019ann\u00e9e, les parents doivent signaler par \u00e9crit le nom des personnes autoris\u00e9es \u00e0 r\u00e9cup\u00e9rer les enfants au moment des sorties. Il est strictement interdit de confier un enfant de classe maternelle \u00e0 un fr\u00e8re ou une s\u0153ur du primaire. Acc\u00e8s aux salles de classe Il est interdit aux parents d\u2019aller dans les salles de classe except\u00e9 si l\u2019enseignant le demande pour des raisons d\u2019ordre p\u00e9dagogique. Entretien avec les enseignants Si vous d\u00e9sirez avoir un entretien avec l\u2019enseignant de votre enfant, prenez rendez-vous avec lui par l\u2019interm\u00e9diaire du cahier de correspondance ou du secr\u00e9tariat.Aucun rendez-vous ne sera accord\u00e9 sur un temps de service ou de surveillance assur\u00e9 par l\u2019enseignant. Entretien avec le Chef d\u2019\u00e9tablissement\u00a0 Le Chef d\u2019\u00e9tablissement re\u00e7oit uniquement sur rendez-vous. Cantine La cantine fonctionne au jour le jour. Il suffit d\u2019acheter les tickets avant 8h45.Les tickets sont comptabilis\u00e9s au d\u00e9but de la matin\u00e9e.Les enfants doivent \u00e9couter et respecter les personnes qui s\u2019occupent d\u2019eux. Lorsqu\u2019un enfant perturbe trop le groupe ou s\u2019il se montre insolent, il recevra un premier avertissement\u00a0: en cas de r\u00e9cidive, cet avertissement sera suivi d\u2019une exclusion de deux jours, exclusion qui pourra \u00eatre d\u00e9finitive si l\u2019enfant n\u2019am\u00e9liore pas son comportement. Garderie du matin. La garderie du matin est un service r\u00e9serv\u00e9 aux enfants dont les deux parents travaillent.N\u00e9anmoins, il est possible de l\u2019utiliser en cas de besoin exceptionnel. Fr\u00e9quentation de l\u2019\u00e9cole \u00e9l\u00e9mentaire La fr\u00e9quentation r\u00e9guli\u00e8re de l\u2019\u00e9cole \u00e9l\u00e9mentaire, de la petite section de maternelle au CM2, est obligatoire, conform\u00e9ment aux textes l\u00e9gislatifs et r\u00e8glementaires en vigueur. Fr\u00e9quentation de l\u2019\u00e9cole maternelle L\u2019inscription \u00e0 l\u2019\u00e9cole maternelle implique de la part de la famille l\u2019engagement d\u2019une fr\u00e9quentation r\u00e9guli\u00e8re. Absences Il est obligatoire d\u2019informer l\u2019\u00e9cole de toute absence le jour m\u00eame, avant 10h00. Les absences sont consign\u00e9es, chaque demi-journ\u00e9e, dans un registre d\u2019appel tenu par le ma\u00eetre. En cas d\u2019absence, les parents doivent en faire conna\u00eetre le motif par \u00e9crit, dans les 48 heures avec production, le cas \u00e9ch\u00e9ant, d\u2019un certificat m\u00e9dical.\u00c0 la fin de chaque mois, le directeur signale \u00e0 l\u2019inspecteur d\u2019acad\u00e9mie, les \u00e9l\u00e8ves dont l\u2019assiduit\u00e9 est irr\u00e9guli\u00e8re, c\u2019est \u00e0 dire ayant manqu\u00e9 la classe sans motif l\u00e9gitime ni excuse valable au moins quatre demies journ\u00e9es dans le mois. Go\u00fbter Conform\u00e9ment aux recommandations minist\u00e9rielles, les go\u00fbters sont interdits en \u00e9l\u00e9mentaire,except\u00e9 pour les enfants qui fr\u00e9quentent la garderie. Attention: A ce r\u00e8glement int\u00e9rieur, se joignent les \u00ab\u00a0r\u00e8gles de vie\u00a0\u00bb de l\u2019\u00e9tablissement \u00e0 respecter.<\/p>\n","protected":false},"author":1,"featured_media":0,"parent":0,"menu_order":0,"comment_status":"closed","ping_status":"closed","template":"","meta":[],"_links":{"self":[{"href":"https:\/\/www.stjoseph-lodeve.fr\/index.php\/wp-json\/wp\/v2\/pages\/30"}],"collection":[{"href":"https:\/\/www.stjoseph-lodeve.fr\/index.php\/wp-json\/wp\/v2\/pages"}],"about":[{"href":"https:\/\/www.stjoseph-lodeve.fr\/index.php\/wp-json\/wp\/v2\/types\/page"}],"author":[{"embeddable":true,"href":"https:\/\/www.stjoseph-lodeve.fr\/index.php\/wp-json\/wp\/v2\/users\/1"}],"replies":[{"embeddable":true,"href":"https:\/\/www.stjoseph-lodeve.fr\/index.php\/wp-json\/wp\/v2\/comments?post=30"}],"version-history":[{"count":4,"href":"https:\/\/www.stjoseph-lodeve.fr\/index.php\/wp-json\/wp\/v2\/pages\/30\/revisions"}],"predecessor-version":[{"id":123,"href":"https:\/\/www.stjoseph-lodeve.fr\/index.php\/wp-json\/wp\/v2\/pages\/30\/revisions\/123"}],"wp:attachment":[{"href":"https:\/\/www.stjoseph-lodeve.fr\/index.php\/wp-json\/wp\/v2\/media?parent=30"}],"curies":[{"name":"wp","href":"https:\/\/api.w.org\/{rel}","templated":true}]}}